{"id":1928,"date":"2020-03-30T13:58:45","date_gmt":"2020-03-30T11:58:45","guid":{"rendered":"http:\/\/selonmanon.com\/?page_id=1928"},"modified":"2020-04-03T15:05:11","modified_gmt":"2020-04-03T13:05:11","slug":"food","status":"publish","type":"page","link":"https:\/\/selonmanon.com\/une-page-se-tourne\/food\/","title":{"rendered":"FOOD"},"content":{"rendered":"<div id=\"cmsmasters_row_clq24lprdt\" class=\"cmsmasters_row cmsmasters_color_scheme_default cmsmasters_row_top_default cmsmasters_row_bot_default cmsmasters_row_boxed\">\n<div class=\"cmsmasters_row_outer_parent\">\n<div class=\"cmsmasters_row_outer\">\n<div class=\"cmsmasters_row_inner\">\n<div class=\"cmsmasters_row_margin\">\n<div id=\"cmsmasters_column_pj8ynuop3s\" class=\"cmsmasters_column one_first\">\n<div class=\"cmsmasters_column_inner\">\n<div id=\"cmsmasters_divider_m29g6yquma\" class=\"cl\"><\/div>\n<div id=\"cmsmasters_heading_lh1nlnsalh\" class=\"cmsmasters_heading_wrap cmsmasters_heading_align_center\">\n\t<h2 class=\"cmsmasters_heading\">Comment ne pas parler food par ici ?<\/h2>\n<\/div><div class=\"cmsmasters_text\">\n<p style=\"text-align: center;\">Dans cette rubrique vous pourrez retrouver plusieurs sous-cat\u00e9gories :<\/p>\n<\/div>\n<div id=\"cmsmasters_divider_ikg32zoo5\" class=\"cl\"><\/div>\n<\/div><\/div>\n<\/div>\n<\/div>\n<\/div>\n<\/div>\n<\/div>\n<div id=\"cmsmasters_row_52yhpuyjcr\" class=\"cmsmasters_row cmsmasters_color_scheme_default cmsmasters_row_top_default cmsmasters_row_bot_default cmsmasters_row_boxed\">\n<div class=\"cmsmasters_row_outer_parent\">\n<div class=\"cmsmasters_row_outer\">\n<div class=\"cmsmasters_row_inner\">\n<div class=\"cmsmasters_row_margin\">\n<div id=\"cmsmasters_column_ebz08ouxv\" class=\"cmsmasters_column one_third\">\n<div class=\"cmsmasters_column_inner\"><div class=\"aligncenter\"><div class=\"cmsmasters_img  cmsmasters_image_c\"><img src=\"https:\/\/i2.wp.com\/selonmanon.com\/wp-content\/uploads\/2020\/03\/76-e1585574960349.png?fit=40%2C46&#038;ssl=1\" \/><\/div><\/div>\n<div id=\"cmsmasters_divider_n60234triv\" class=\"cl\"><\/div>\n<div id=\"cmsmasters_heading_lreh9zxcc\" class=\"cmsmasters_heading_wrap cmsmasters_heading_align_center\">\n\t<h3 class=\"cmsmasters_heading\">EASY RECIPE<\/h3>\n<\/div><div class=\"cmsmasters_text\">\n<p style=\"text-align: center;\">Des recettes faciles et rapides \u00e0 r\u00e9aliser, gourmandes <em>(surtout)<\/em>, sans prise de t\u00eate !<\/p>\n<\/div>\n<\/div><\/div>\n<div id=\"cmsmasters_column_1wjilehom7\" class=\"cmsmasters_column one_third\">\n<div class=\"cmsmasters_column_inner\"><div class=\"aligncenter\"><div class=\"cmsmasters_img  cmsmasters_image_c\"><img src=\"https:\/\/i2.wp.com\/selonmanon.com\/wp-content\/uploads\/2020\/03\/76-e1585574960349.png?fit=40%2C46&#038;ssl=1\" \/><\/div><\/div>\n<div id=\"cmsmasters_divider_c9o54xcc\" class=\"cl\"><\/div>\n<div id=\"cmsmasters_heading_94vyy07opt\" class=\"cmsmasters_heading_wrap cmsmasters_heading_align_center\">\n\t<h3 class=\"cmsmasters_heading\">READY FOR A COFFEE<\/h3>\n<\/div><div class=\"cmsmasters_text\">\n<p style=\"text-align: center;\">Parce que ma passion pour les Coffee Shops est sans limite\u2026 Tout simplement !<\/p>\n<\/div>\n<\/div><\/div>\n<div id=\"cmsmasters_column_1fj94pyile\" class=\"cmsmasters_column one_third\">\n<div class=\"cmsmasters_column_inner\"><div class=\"aligncenter\"><div class=\"cmsmasters_img  cmsmasters_image_c\"><img src=\"https:\/\/i2.wp.com\/selonmanon.com\/wp-content\/uploads\/2020\/03\/76-e1585574960349.png?fit=40%2C46&#038;ssl=1\" \/><\/div><\/div>\n<div id=\"cmsmasters_divider_hol2gl0cg\" class=\"cl\"><\/div>\n<div id=\"cmsmasters_heading_euvmfsg51c\" class=\"cmsmasters_heading_wrap cmsmasters_heading_align_center\">\n\t<h3 class=\"cmsmasters_heading\">TOP 5<\/h3>\n<\/div><div class=\"cmsmasters_text\">\n<p style=\"text-align: center;\">Adresses pr\u00e9f\u00e9r\u00e9es, comptes food chouchous, s\u00e9lections\u2026 de la food, encore !<\/p>\n<\/div>\n<\/div><\/div>\n<\/div>\n<\/div>\n<\/div>\n<\/div>\n<\/div>\n<div id=\"cmsmasters_row_frj2efzx4\" class=\"cmsmasters_row cmsmasters_color_scheme_default cmsmasters_row_top_default cmsmasters_row_bot_default cmsmasters_row_boxed\">\n<div class=\"cmsmasters_row_outer_parent\">\n<div class=\"cmsmasters_row_outer\">\n<div class=\"cmsmasters_row_inner\">\n<div class=\"cmsmasters_row_margin\">\n<div id=\"cmsmasters_column_b64273xfe\" class=\"cmsmasters_column one_first\">\n<div class=\"cmsmasters_column_inner\"><p><\/p>\n<\/div><\/div>\n<\/div>\n<\/div>\n<\/div>\n<\/div>\n<\/div>\n<div id=\"cmsmasters_row_x5zyyb5s96\" class=\"cmsmasters_row cmsmasters_color_scheme_default cmsmasters_row_top_default cmsmasters_row_bot_default cmsmasters_row_boxed\">\n<div class=\"cmsmasters_row_outer_parent\">\n<div class=\"cmsmasters_row_outer\">\n<div class=\"cmsmasters_row_inner\">\n<div class=\"cmsmasters_row_margin\">\n<div id=\"cmsmasters_column_83d5w7jqwc\" class=\"cmsmasters_column one_first\">\n<div class=\"cmsmasters_column_inner\"><\/div><\/div>\n<\/div>\n<\/div>\n<\/div>\n<\/div>\n<\/div>\n<div id=\"cmsmasters_row_hihv5l5fmn\" class=\"cmsmasters_row cmsmasters_color_scheme_default cmsmasters_row_top_default cmsmasters_row_bot_default cmsmasters_row_fullwidth\">\n<div class=\"cmsmasters_row_outer_parent\">\n<div class=\"cmsmasters_row_outer\">\n<div class=\"cmsmasters_row_inner cmsmasters_row_fullwidth\">\n<div class=\"cmsmasters_row_margin\">\n<div id=\"cmsmasters_column_x0fv694c6\" class=\"cmsmasters_column one_first\">\n<div class=\"cmsmasters_column_inner\"><div id=\"cmsmasters_heading_zcvofo061k\" class=\"cmsmasters_heading_wrap cmsmasters_heading_align_center\">\n\t<h5 class=\"cmsmasters_heading\">instagram : @selon_manon<\/h5>\n<\/div>\n<div id=\"sb_instagram\"  class=\"sbi sbi_mob_col_1 sbi_tab_col_2 sbi_col_9 sbi_width_resp\" style=\"padding-bottom: 10px;width: 100%;\" data-feedid=\"sbi_#9\"  data-res=\"auto\" data-cols=\"9\" data-colsmobile=\"1\" data-colstablet=\"2\" data-num=\"9\" data-nummobile=\"\" data-item-padding=\"5\" data-shortcode-atts=\"{&quot;id&quot;:&quot;&quot;,&quot;cachetime&quot;:30}\"  data-postid=\"1928\" data-locatornonce=\"9713928d02\" data-imageaspectratio=\"1:1\" data-sbi-flags=\"favorLocal,gdpr\">\n\t\n    <div id=\"sbi_images\"  style=\"gap: 10px;\">\n\t\t    <\/div>\n\n\t<div id=\"sbi_load\" >\n\n\t\n\t\n<\/div>\n\n\t    <span class=\"sbi_resized_image_data\" data-feed-id=\"sbi_#9\" data-resized=\"[]\">\n\t<\/span>\n\t<\/div>\n<div class=\"cmsmasters_text\">\n<p><\/p>\n<\/div>\n<div class=\"cmsmasters_text\">\n<p style=\"text-align: center;\">Pour m&rsquo;\u00e9crire : <em><a href=\"mailto:contact@selonmanon.com\">contact@selonmanon.com<\/a> <\/em>\u2661<\/p>\n<\/div>\n<div class=\"cmsmasters_text\">\n<p><\/p>\n<\/div>\n<div class=\"cmsmasters_text\">\n<p><\/p>\n<\/div>\n<div class=\"cmsmasters_text\">\n<p style=\"text-align: center;\"><em>Bisous bisous.<\/em><\/p>\n<\/div>\n<\/div><\/div>\n<\/div>\n<\/div>\n<\/div>\n<\/div>\n<\/div>\n\n","protected":false},"excerpt":{"rendered":"","protected":false},"author":1,"featured_media":0,"parent":0,"menu_order":0,"comment_status":"closed","ping_status":"closed","template":"","meta":{"spay_email":""},"yoast_head":"<!-- This site is optimized with the Yoast SEO plugin v18.4.1 - https:\/\/yoast.com\/wordpress\/plugins\/seo\/ -->\n<title>FOOD - Selon Manon - Blog<\/title>\n<meta name=\"description\" content=\"Avis aux gourmands, cette rubrique est pour vous !\" \/>\n<meta name=\"robots\" content=\"index, follow, max-snippet:-1, max-image-preview:large, max-video-preview:-1\" \/>\n<link rel=\"canonical\" href=\"https:\/\/selonmanon.com\/une-page-se-tourne\/food\/\" \/>\n<meta property=\"og:locale\" content=\"fr_FR\" \/>\n<meta property=\"og:type\" content=\"article\" \/>\n<meta property=\"og:title\" content=\"FOOD - Selon Manon - Blog\" \/>\n<meta property=\"og:description\" content=\"Avis aux gourmands, cette rubrique est pour vous !\" \/>\n<meta property=\"og:url\" content=\"https:\/\/selonmanon.com\/une-page-se-tourne\/food\/\" \/>\n<meta property=\"og:site_name\" content=\"Selon Manon - Blog\" \/>\n<meta property=\"article:publisher\" content=\"https:\/\/www.facebook.com\/selonmanon\/?modal=admin_todo_tour\" \/>\n<meta property=\"article:modified_time\" content=\"2020-04-03T13:05:11+00:00\" \/>\n<meta name=\"twitter:card\" content=\"summary_large_image\" \/>\n<meta name=\"twitter:label1\" content=\"Dur\u00e9e de lecture estim\u00e9e\" \/>\n\t<meta name=\"twitter:data1\" content=\"6 minutes\" \/>\n<script type=\"application\/ld+json\" class=\"yoast-schema-graph\">{\"@context\":\"https:\/\/schema.org\",\"@graph\":[{\"@type\":\"Organization\",\"@id\":\"https:\/\/selonmanon.com\/une-page-se-tourne\/#organization\",\"name\":\"Selon Manon\",\"url\":\"https:\/\/selonmanon.com\/une-page-se-tourne\/\",\"sameAs\":[\"https:\/\/www.facebook.com\/selonmanon\/?modal=admin_todo_tour\",\"https:\/\/www.instagram.com\/selon_manon\/\",\"https:\/\/www.pinterest.fr\/selonxmanon\/\"],\"logo\":{\"@type\":\"ImageObject\",\"@id\":\"https:\/\/selonmanon.com\/une-page-se-tourne\/#logo\",\"inLanguage\":\"fr-FR\",\"url\":\"https:\/\/i2.wp.com\/selonmanon.com\/wp-content\/uploads\/2020\/03\/Selon-Manon-Logo-1-1-e1585640766898.png?fit=2500%2C1000&ssl=1\",\"contentUrl\":\"https:\/\/i2.wp.com\/selonmanon.com\/wp-content\/uploads\/2020\/03\/Selon-Manon-Logo-1-1-e1585640766898.png?fit=2500%2C1000&ssl=1\",\"width\":2500,\"height\":1000,\"caption\":\"Selon Manon\"},\"image\":{\"@id\":\"https:\/\/selonmanon.com\/une-page-se-tourne\/#logo\"}},{\"@type\":\"WebSite\",\"@id\":\"https:\/\/selonmanon.com\/une-page-se-tourne\/#website\",\"url\":\"https:\/\/selonmanon.com\/une-page-se-tourne\/\",\"name\":\"Selon Manon - Blog\",\"description\":\"Health and Happiness first\",\"publisher\":{\"@id\":\"https:\/\/selonmanon.com\/une-page-se-tourne\/#organization\"},\"potentialAction\":[{\"@type\":\"SearchAction\",\"target\":{\"@type\":\"EntryPoint\",\"urlTemplate\":\"https:\/\/selonmanon.com\/une-page-se-tourne\/?s={search_term_string}\"},\"query-input\":\"required name=search_term_string\"}],\"inLanguage\":\"fr-FR\"},{\"@type\":\"WebPage\",\"@id\":\"https:\/\/selonmanon.com\/une-page-se-tourne\/food\/#webpage\",\"url\":\"https:\/\/selonmanon.com\/une-page-se-tourne\/food\/\",\"name\":\"FOOD - Selon Manon - Blog\",\"isPartOf\":{\"@id\":\"https:\/\/selonmanon.com\/une-page-se-tourne\/#website\"},\"datePublished\":\"2020-03-30T11:58:45+00:00\",\"dateModified\":\"2020-04-03T13:05:11+00:00\",\"description\":\"Avis aux gourmands, cette rubrique est pour vous !\",\"breadcrumb\":{\"@id\":\"https:\/\/selonmanon.com\/une-page-se-tourne\/food\/#breadcrumb\"},\"inLanguage\":\"fr-FR\",\"potentialAction\":[{\"@type\":\"ReadAction\",\"target\":[\"https:\/\/selonmanon.com\/une-page-se-tourne\/food\/\"]}]},{\"@type\":\"BreadcrumbList\",\"@id\":\"https:\/\/selonmanon.com\/une-page-se-tourne\/food\/#breadcrumb\",\"itemListElement\":[{\"@type\":\"ListItem\",\"position\":1,\"name\":\"Accueil\",\"item\":\"https:\/\/selonmanon.com\/une-page-se-tourne\/\"},{\"@type\":\"ListItem\",\"position\":2,\"name\":\"FOOD\"}]}]}<\/script>\n<!-- \/ Yoast SEO plugin. -->","yoast_head_json":{"title":"FOOD - Selon Manon - Blog","description":"Avis aux gourmands, cette rubrique est pour vous !","robots":{"index":"index","follow":"follow","max-snippet":"max-snippet:-1","max-image-preview":"max-image-preview:large","max-video-preview":"max-video-preview:-1"},"canonical":"https:\/\/selonmanon.com\/une-page-se-tourne\/food\/","og_locale":"fr_FR","og_type":"article","og_title":"FOOD - Selon Manon - Blog","og_description":"Avis aux gourmands, cette rubrique est pour vous !","og_url":"https:\/\/selonmanon.com\/une-page-se-tourne\/food\/","og_site_name":"Selon Manon - Blog","article_publisher":"https:\/\/www.facebook.com\/selonmanon\/?modal=admin_todo_tour","article_modified_time":"2020-04-03T13:05:11+00:00","twitter_card":"summary_large_image","twitter_misc":{"Dur\u00e9e de lecture estim\u00e9e":"6 minutes"},"schema":{"@context":"https:\/\/schema.org","@graph":[{"@type":"Organization","@id":"https:\/\/selonmanon.com\/une-page-se-tourne\/#organization","name":"Selon Manon","url":"https:\/\/selonmanon.com\/une-page-se-tourne\/","sameAs":["https:\/\/www.facebook.com\/selonmanon\/?modal=admin_todo_tour","https:\/\/www.instagram.com\/selon_manon\/","https:\/\/www.pinterest.fr\/selonxmanon\/"],"logo":{"@type":"ImageObject","@id":"https:\/\/selonmanon.com\/une-page-se-tourne\/#logo","inLanguage":"fr-FR","url":"https:\/\/i2.wp.com\/selonmanon.com\/wp-content\/uploads\/2020\/03\/Selon-Manon-Logo-1-1-e1585640766898.png?fit=2500%2C1000&ssl=1","contentUrl":"https:\/\/i2.wp.com\/selonmanon.com\/wp-content\/uploads\/2020\/03\/Selon-Manon-Logo-1-1-e1585640766898.png?fit=2500%2C1000&ssl=1","width":2500,"height":1000,"caption":"Selon Manon"},"image":{"@id":"https:\/\/selonmanon.com\/une-page-se-tourne\/#logo"}},{"@type":"WebSite","@id":"https:\/\/selonmanon.com\/une-page-se-tourne\/#website","url":"https:\/\/selonmanon.com\/une-page-se-tourne\/","name":"Selon Manon - Blog","description":"Health and Happiness first","publisher":{"@id":"https:\/\/selonmanon.com\/une-page-se-tourne\/#organization"},"potentialAction":[{"@type":"SearchAction","target":{"@type":"EntryPoint","urlTemplate":"https:\/\/selonmanon.com\/une-page-se-tourne\/?s={search_term_string}"},"query-input":"required name=search_term_string"}],"inLanguage":"fr-FR"},{"@type":"WebPage","@id":"https:\/\/selonmanon.com\/une-page-se-tourne\/food\/#webpage","url":"https:\/\/selonmanon.com\/une-page-se-tourne\/food\/","name":"FOOD - Selon Manon - Blog","isPartOf":{"@id":"https:\/\/selonmanon.com\/une-page-se-tourne\/#website"},"datePublished":"2020-03-30T11:58:45+00:00","dateModified":"2020-04-03T13:05:11+00:00","description":"Avis aux gourmands, cette rubrique est pour vous !","breadcrumb":{"@id":"https:\/\/selonmanon.com\/une-page-se-tourne\/food\/#breadcrumb"},"inLanguage":"fr-FR","potentialAction":[{"@type":"ReadAction","target":["https:\/\/selonmanon.com\/une-page-se-tourne\/food\/"]}]},{"@type":"BreadcrumbList","@id":"https:\/\/selonmanon.com\/une-page-se-tourne\/food\/#breadcrumb","itemListElement":[{"@type":"ListItem","position":1,"name":"Accueil","item":"https:\/\/selonmanon.com\/une-page-se-tourne\/"},{"@type":"ListItem","position":2,"name":"FOOD"}]}]}},"_links":{"self":[{"href":"https:\/\/selonmanon.com\/une-page-se-tourne\/wp-json\/wp\/v2\/pages\/1928"}],"collection":[{"href":"https:\/\/selonmanon.com\/une-page-se-tourne\/wp-json\/wp\/v2\/pages"}],"about":[{"href":"https:\/\/selonmanon.com\/une-page-se-tourne\/wp-json\/wp\/v2\/types\/page"}],"author":[{"embeddable":true,"href":"https:\/\/selonmanon.com\/une-page-se-tourne\/wp-json\/wp\/v2\/users\/1"}],"replies":[{"embeddable":true,"href":"https:\/\/selonmanon.com\/une-page-se-tourne\/wp-json\/wp\/v2\/comments?post=1928"}],"version-history":[{"count":23,"href":"https:\/\/selonmanon.com\/une-page-se-tourne\/wp-json\/wp\/v2\/pages\/1928\/revisions"}],"predecessor-version":[{"id":2291,"href":"https:\/\/selonmanon.com\/une-page-se-tourne\/wp-json\/wp\/v2\/pages\/1928\/revisions\/2291"}],"wp:attachment":[{"href":"https:\/\/selonmanon.com\/une-page-se-tourne\/wp-json\/wp\/v2\/media?parent=1928"}],"curies":[{"name":"wp","href":"https:\/\/api.w.org\/{rel}","templated":true}]}}