{"id":1946,"date":"2020-03-30T14:07:05","date_gmt":"2020-03-30T12:07:05","guid":{"rendered":"http:\/\/selonmanon.com\/?page_id=1946"},"modified":"2020-04-04T18:30:55","modified_gmt":"2020-04-04T16:30:55","slug":"blabla","status":"publish","type":"page","link":"https:\/\/selonmanon.com\/une-page-se-tourne\/blabla\/","title":{"rendered":"BLABLA"},"content":{"rendered":"<div id=\"cmsmasters_row_dhwjnbl1fk\" class=\"cmsmasters_row cmsmasters_color_scheme_default cmsmasters_row_top_default cmsmasters_row_bot_default cmsmasters_row_boxed\">\n<div class=\"cmsmasters_row_outer_parent\">\n<div class=\"cmsmasters_row_outer\">\n<div class=\"cmsmasters_row_inner\">\n<div class=\"cmsmasters_row_margin\">\n<div id=\"cmsmasters_column_pj8ynuop3s\" class=\"cmsmasters_column one_first\">\n<div class=\"cmsmasters_column_inner\">\n<div id=\"cmsmasters_divider_z75bjs5p87\" class=\"cl\"><\/div>\n<div id=\"cmsmasters_heading_d8hgqavtvr\" class=\"cmsmasters_heading_wrap cmsmasters_heading_align_center\">\n\t<h2 class=\"cmsmasters_heading\">Parler de tout et de rien, et surtout de ce qui nous rassemble !<\/h2>\n<\/div><div class=\"cmsmasters_text\">\n<p style=\"text-align: center;\">J\u2019avais envie d\u2019un espace ouvert afin de pouvoir aborder tous les sujets qui me tiennent \u00e0 coeur.<\/p>\n<p style=\"text-align: center;\">Dans la cat\u00e9gorie <b>Blabla<\/b>, nous aborderons les choses \u00ab\u00a0au feeling\u00a0\u00bb. L\u2019id\u00e9e est de poser des mots, d\u2019\u00e9changer ensemble, de s\u2019exprimer plus amplement sur des probl\u00e9matiques qui nous parlent. Une seule r\u00e8gle d&rsquo;or : aucun tabou.<\/p>\n<p style=\"text-align: center;\">J\u2019esp\u00e8re que les sujets trait\u00e9s vous feront r\u00e9agir !<\/p>\n<\/div>\n<div id=\"cmsmasters_divider_b08mjohlsc\" class=\"cl\"><\/div>\n<div class=\"aligncenter\"><div class=\"cmsmasters_img  cmsmasters_image_c\"><img src=\"https:\/\/i2.wp.com\/selonmanon.com\/wp-content\/uploads\/2020\/03\/76-e1585574960349.png?fit=40%2C46&#038;ssl=1\" \/><\/div><\/div>\n<div id=\"cmsmasters_divider_xfv4w9kijh\" class=\"cl\"><\/div>\n<\/div><\/div>\n<\/div>\n<\/div>\n<\/div>\n<\/div>\n<\/div>\n<div id=\"cmsmasters_row_zlmmokp23g\" class=\"cmsmasters_row cmsmasters_color_scheme_default cmsmasters_row_top_default cmsmasters_row_bot_default cmsmasters_row_boxed\">\n<div class=\"cmsmasters_row_outer_parent\">\n<div class=\"cmsmasters_row_outer\">\n<div class=\"cmsmasters_row_inner\">\n<div class=\"cmsmasters_row_margin\">\n<div id=\"cmsmasters_column_b64273xfe\" class=\"cmsmasters_column one_first\">\n<div class=\"cmsmasters_column_inner\"><div class=\"cmsmasters_posts_slider img { max-width: 100%; height: auto; }\" >\r\n\t\t<div id=\"cmsmasters_slider_xf78zmle3\" class=\"cmsmasters_owl_slider owl-carousel\" data-items=\"4\" data-single-item=\"false\" data-auto-play=\"5000\"><div class=\"cmsmasters_owl_slider_item\"><!-- Start Posts Slider Post Article -->\r\n<article id=\"post-3420\" class=\"cmsmasters_slider_post post-3420 post type-post status-publish format-standard has-post-thumbnail hentry category-articles category-blabla category-life tag-chien tag-chiot tag-husky tag-husky-siberien tag-premier-chien\">\r\n\t<div class=\"cmsmasters_slider_post_outer\">\r\n\t<div class=\"cmsmasters_slider_post_date_img_wrap\"><figure class=\"cmsmasters_img_rollover_wrap preloader\"><img width=\"580\" height=\"773\" src=\"https:\/\/i2.wp.com\/selonmanon.com\/wp-content\/uploads\/2021\/12\/premier-chien.png?resize=580%2C773&amp;ssl=1\" class=\"full-width wp-post-image\" alt=\"ADOPTER SON PREMIER CHIEN\" loading=\"lazy\" title=\"premier chien\" srcset=\"https:\/\/i2.wp.com\/selonmanon.com\/wp-content\/uploads\/2021\/12\/premier-chien.png?resize=580%2C773&amp;ssl=1 580w, https:\/\/i2.wp.com\/selonmanon.com\/wp-content\/uploads\/2021\/12\/premier-chien.png?zoom=2&amp;resize=580%2C773&amp;ssl=1 1160w, https:\/\/i2.wp.com\/selonmanon.com\/wp-content\/uploads\/2021\/12\/premier-chien.png?zoom=3&amp;resize=580%2C773&amp;ssl=1 1740w\" sizes=\"(max-width: 580px) 100vw, 580px\" \/><div class=\"cmsmasters_img_rollover\"><a href=\"https:\/\/selonmanon.com\/une-page-se-tourne\/adopter-premier-chien\/\" title=\"ADOPTER SON PREMIER CHIEN\" class=\"cmsmasters_open_link\"><\/a><\/div><\/figure><span class=\"cmsmasters_slider_post_category\"><a href=\"https:\/\/selonmanon.com\/une-page-se-tourne\/category\/articles\/\" class=\"cmsmasters_cat_color cmsmasters_cat_9\" rel=\"category tag\">Articles<\/a><a href=\"https:\/\/selonmanon.com\/une-page-se-tourne\/category\/blabla\/\" class=\"cmsmasters_cat_color cmsmasters_cat_84\" rel=\"category tag\">BLABLA<\/a><a href=\"https:\/\/selonmanon.com\/une-page-se-tourne\/category\/blabla\/life\/\" class=\"cmsmasters_cat_color cmsmasters_cat_112\" rel=\"category tag\">LIFE<\/a><\/span><\/div><div class=\"cmsmasters_slider_post_inner\"><header class=\"cmsmasters_slider_post_header entry-header\"><h3 class=\"cmsmasters_slider_post_title entry-title\"><a href=\"https:\/\/selonmanon.com\/une-page-se-tourne\/adopter-premier-chien\/\">ADOPTER SON PREMIER CHIEN<\/a><\/h3><\/header><footer class=\"cmsmasters_slider_post_footer entry-meta\"><span class=\"cmsmasters_comments cmsmasters_slider_post_comments\"><a class=\"cmsmasters_theme_icon_comment\" href=\"https:\/\/selonmanon.com\/une-page-se-tourne\/adopter-premier-chien\/#comments\" title=\"Comment on ADOPTER SON PREMIER CHIEN\"><span>1 comment<\/span><\/a><\/span><div class=\"cmsmasters_slider_post_read_more_wrap\"><a class=\"cmsmasters_slider_post_read_more\" href=\"https:\/\/selonmanon.com\/une-page-se-tourne\/adopter-premier-chien\/\">LIRE L&#039;ARTICLE !<\/a><\/div><\/footer><\/div>\t<\/div>\r\n<\/article>\r\n<!-- Finish Posts Slider Post Article -->\r\n\r\n<\/div><div class=\"cmsmasters_owl_slider_item\"><!-- Start Posts Slider Post Article -->\r\n<article id=\"post-3418\" class=\"cmsmasters_slider_post post-3418 post type-post status-publish format-standard has-post-thumbnail hentry category-articles category-blabla category-life category-voyage tag-blacksheep tag-sejour-en-van tag-van tag-van-life\">\r\n\t<div class=\"cmsmasters_slider_post_outer\">\r\n\t<div class=\"cmsmasters_slider_post_date_img_wrap\"><figure class=\"cmsmasters_img_rollover_wrap preloader\"><img width=\"580\" height=\"773\" src=\"https:\/\/i0.wp.com\/selonmanon.com\/wp-content\/uploads\/2021\/12\/Sejour-Van.png?resize=580%2C773&amp;ssl=1\" class=\"full-width wp-post-image\" alt=\"NOTRE PREMIER S\u00c9JOUR EN VAN\" loading=\"lazy\" title=\"S\u00e9jour Van\" srcset=\"https:\/\/i0.wp.com\/selonmanon.com\/wp-content\/uploads\/2021\/12\/Sejour-Van.png?resize=580%2C773&amp;ssl=1 580w, https:\/\/i0.wp.com\/selonmanon.com\/wp-content\/uploads\/2021\/12\/Sejour-Van.png?zoom=2&amp;resize=580%2C773&amp;ssl=1 1160w, https:\/\/i0.wp.com\/selonmanon.com\/wp-content\/uploads\/2021\/12\/Sejour-Van.png?zoom=3&amp;resize=580%2C773&amp;ssl=1 1740w\" sizes=\"(max-width: 580px) 100vw, 580px\" \/><div class=\"cmsmasters_img_rollover\"><a href=\"https:\/\/selonmanon.com\/une-page-se-tourne\/notre-premier-sejour-en-van\/\" title=\"NOTRE PREMIER S\u00c9JOUR EN VAN\" class=\"cmsmasters_open_link\"><\/a><\/div><\/figure><span class=\"cmsmasters_slider_post_category\"><a href=\"https:\/\/selonmanon.com\/une-page-se-tourne\/category\/articles\/\" class=\"cmsmasters_cat_color cmsmasters_cat_9\" rel=\"category tag\">Articles<\/a><a href=\"https:\/\/selonmanon.com\/une-page-se-tourne\/category\/blabla\/\" class=\"cmsmasters_cat_color cmsmasters_cat_84\" rel=\"category tag\">BLABLA<\/a><a href=\"https:\/\/selonmanon.com\/une-page-se-tourne\/category\/blabla\/life\/\" class=\"cmsmasters_cat_color cmsmasters_cat_112\" rel=\"category tag\">LIFE<\/a><a href=\"https:\/\/selonmanon.com\/une-page-se-tourne\/category\/voyage\/\" class=\"cmsmasters_cat_color cmsmasters_cat_83\" rel=\"category tag\">VOYAGE<\/a><\/span><\/div><div class=\"cmsmasters_slider_post_inner\"><header class=\"cmsmasters_slider_post_header entry-header\"><h3 class=\"cmsmasters_slider_post_title entry-title\"><a href=\"https:\/\/selonmanon.com\/une-page-se-tourne\/notre-premier-sejour-en-van\/\">NOTRE PREMIER S\u00c9JOUR EN VAN<\/a><\/h3><\/header><footer class=\"cmsmasters_slider_post_footer entry-meta\"><span class=\"cmsmasters_comments cmsmasters_slider_post_comments\"><a class=\"cmsmasters_theme_icon_comment\" href=\"https:\/\/selonmanon.com\/une-page-se-tourne\/notre-premier-sejour-en-van\/#comments\" title=\"Comment on NOTRE PREMIER S\u00c9JOUR EN VAN\"><span>1 comment<\/span><\/a><\/span><div class=\"cmsmasters_slider_post_read_more_wrap\"><a class=\"cmsmasters_slider_post_read_more\" href=\"https:\/\/selonmanon.com\/une-page-se-tourne\/notre-premier-sejour-en-van\/\">Read More<\/a><\/div><\/footer><\/div>\t<\/div>\r\n<\/article>\r\n<!-- Finish Posts Slider Post Article -->\r\n\r\n<\/div><div class=\"cmsmasters_owl_slider_item\"><!-- Start Posts Slider Post Article -->\r\n<article id=\"post-3343\" class=\"cmsmasters_slider_post post-3343 post type-post status-publish format-standard has-post-thumbnail hentry category-articles category-blabla category-life tag-bucco tag-dentaire tag-dents tag-email tag-hygiene tag-regenerate tag-sante tag-sante-bucco-dentaire\">\r\n\t<div class=\"cmsmasters_slider_post_outer\">\r\n\t<div class=\"cmsmasters_slider_post_date_img_wrap\"><figure class=\"cmsmasters_img_rollover_wrap preloader\"><img width=\"580\" height=\"773\" src=\"https:\/\/i0.wp.com\/selonmanon.com\/wp-content\/uploads\/2021\/04\/REGENERATE.png?resize=580%2C773&amp;ssl=1\" class=\"full-width wp-post-image\" alt=\"J&rsquo;AI REJOINT LE SMILE GANG DE REGENERATE\" loading=\"lazy\" title=\"REGENERATE\" srcset=\"https:\/\/i0.wp.com\/selonmanon.com\/wp-content\/uploads\/2021\/04\/REGENERATE.png?resize=580%2C773&amp;ssl=1 580w, https:\/\/i0.wp.com\/selonmanon.com\/wp-content\/uploads\/2021\/04\/REGENERATE.png?zoom=2&amp;resize=580%2C773&amp;ssl=1 1160w, https:\/\/i0.wp.com\/selonmanon.com\/wp-content\/uploads\/2021\/04\/REGENERATE.png?zoom=3&amp;resize=580%2C773&amp;ssl=1 1740w\" sizes=\"(max-width: 580px) 100vw, 580px\" \/><div class=\"cmsmasters_img_rollover\"><a href=\"https:\/\/selonmanon.com\/une-page-se-tourne\/smile-gang-regenerate\/\" title=\"J&rsquo;AI REJOINT LE SMILE GANG DE REGENERATE\" class=\"cmsmasters_open_link\"><\/a><\/div><\/figure><span class=\"cmsmasters_slider_post_category\"><a href=\"https:\/\/selonmanon.com\/une-page-se-tourne\/category\/articles\/\" class=\"cmsmasters_cat_color cmsmasters_cat_9\" rel=\"category tag\">Articles<\/a><a href=\"https:\/\/selonmanon.com\/une-page-se-tourne\/category\/blabla\/\" class=\"cmsmasters_cat_color cmsmasters_cat_84\" rel=\"category tag\">BLABLA<\/a><a href=\"https:\/\/selonmanon.com\/une-page-se-tourne\/category\/blabla\/life\/\" class=\"cmsmasters_cat_color cmsmasters_cat_112\" rel=\"category tag\">LIFE<\/a><\/span><\/div><div class=\"cmsmasters_slider_post_inner\"><header class=\"cmsmasters_slider_post_header entry-header\"><h3 class=\"cmsmasters_slider_post_title entry-title\"><a href=\"https:\/\/selonmanon.com\/une-page-se-tourne\/smile-gang-regenerate\/\">J&rsquo;AI REJOINT LE SMILE GANG DE REGENERATE<\/a><\/h3><\/header><footer class=\"cmsmasters_slider_post_footer entry-meta\"><span class=\"cmsmasters_comments cmsmasters_slider_post_comments\"><a class=\"cmsmasters_theme_icon_comment\" href=\"https:\/\/selonmanon.com\/une-page-se-tourne\/smile-gang-regenerate\/#comments\" title=\"Comment on J&rsquo;AI REJOINT LE SMILE GANG DE REGENERATE\"><span>2 comments<\/span><\/a><\/span><div class=\"cmsmasters_slider_post_read_more_wrap\"><a class=\"cmsmasters_slider_post_read_more\" href=\"https:\/\/selonmanon.com\/une-page-se-tourne\/smile-gang-regenerate\/\">LIRE L&#039;ARTICLE !<\/a><\/div><\/footer><\/div>\t<\/div>\r\n<\/article>\r\n<!-- Finish Posts Slider Post Article -->\r\n\r\n<\/div><div class=\"cmsmasters_owl_slider_item\"><!-- Start Posts Slider Post Article -->\r\n<article id=\"post-3350\" class=\"cmsmasters_slider_post post-3350 post type-post status-publish format-standard has-post-thumbnail hentry category-articles category-blabla category-life tag-healthy tag-lalimentation-vous tag-manger tag-poids tag-reequilibrage-alimentaire tag-sain tag-sante\">\r\n\t<div class=\"cmsmasters_slider_post_outer\">\r\n\t<div class=\"cmsmasters_slider_post_date_img_wrap\"><figure class=\"cmsmasters_img_rollover_wrap preloader\"><img width=\"580\" height=\"773\" src=\"https:\/\/i1.wp.com\/selonmanon.com\/wp-content\/uploads\/2021\/05\/Miniature-article-3.png?resize=580%2C773&amp;ssl=1\" class=\"full-width wp-post-image\" alt=\"MANGER MIEUX AVEC L&rsquo;ALIMENTATION &#038; VOUS\" loading=\"lazy\" title=\"L&#039;Alimentation &amp; Vous\" srcset=\"https:\/\/i1.wp.com\/selonmanon.com\/wp-content\/uploads\/2021\/05\/Miniature-article-3.png?resize=580%2C773&amp;ssl=1 580w, https:\/\/i1.wp.com\/selonmanon.com\/wp-content\/uploads\/2021\/05\/Miniature-article-3.png?zoom=2&amp;resize=580%2C773&amp;ssl=1 1160w, https:\/\/i1.wp.com\/selonmanon.com\/wp-content\/uploads\/2021\/05\/Miniature-article-3.png?zoom=3&amp;resize=580%2C773&amp;ssl=1 1740w\" sizes=\"(max-width: 580px) 100vw, 580px\" \/><div class=\"cmsmasters_img_rollover\"><a href=\"https:\/\/selonmanon.com\/une-page-se-tourne\/reequilibarge-lalimentation-vous\/\" title=\"MANGER MIEUX AVEC L&rsquo;ALIMENTATION &#038; VOUS\" class=\"cmsmasters_open_link\"><\/a><\/div><\/figure><span class=\"cmsmasters_slider_post_category\"><a href=\"https:\/\/selonmanon.com\/une-page-se-tourne\/category\/articles\/\" class=\"cmsmasters_cat_color cmsmasters_cat_9\" rel=\"category tag\">Articles<\/a><a href=\"https:\/\/selonmanon.com\/une-page-se-tourne\/category\/blabla\/\" class=\"cmsmasters_cat_color cmsmasters_cat_84\" rel=\"category tag\">BLABLA<\/a><a href=\"https:\/\/selonmanon.com\/une-page-se-tourne\/category\/blabla\/life\/\" class=\"cmsmasters_cat_color cmsmasters_cat_112\" rel=\"category tag\">LIFE<\/a><\/span><\/div><div class=\"cmsmasters_slider_post_inner\"><header class=\"cmsmasters_slider_post_header entry-header\"><h3 class=\"cmsmasters_slider_post_title entry-title\"><a href=\"https:\/\/selonmanon.com\/une-page-se-tourne\/reequilibarge-lalimentation-vous\/\">MANGER MIEUX AVEC L&rsquo;ALIMENTATION &#038; VOUS<\/a><\/h3><\/header><footer class=\"cmsmasters_slider_post_footer entry-meta\"><span class=\"cmsmasters_comments cmsmasters_slider_post_comments\"><a class=\"cmsmasters_theme_icon_comment\" href=\"https:\/\/selonmanon.com\/une-page-se-tourne\/reequilibarge-lalimentation-vous\/#comments\" title=\"Comment on MANGER MIEUX AVEC L&rsquo;ALIMENTATION &#038; VOUS\"><span>2 comments<\/span><\/a><\/span><div class=\"cmsmasters_slider_post_read_more_wrap\"><a class=\"cmsmasters_slider_post_read_more\" href=\"https:\/\/selonmanon.com\/une-page-se-tourne\/reequilibarge-lalimentation-vous\/\">LIRE L&#039;ARTICLE !<\/a><\/div><\/footer><\/div>\t<\/div>\r\n<\/article>\r\n<!-- Finish Posts Slider Post Article -->\r\n\r\n<\/div><\/div><\/div>\n<div id=\"cmsmasters_divider_hsm9u00k5\" class=\"cl\"><\/div>\n<\/div><\/div>\n<\/div>\n<\/div>\n<\/div>\n<\/div>\n<\/div>\n<div id=\"cmsmasters_row_30k4gme1qb\" class=\"cmsmasters_row cmsmasters_color_scheme_default cmsmasters_row_top_default cmsmasters_row_bot_default cmsmasters_row_fullwidth\">\n<div class=\"cmsmasters_row_outer_parent\">\n<div class=\"cmsmasters_row_outer\">\n<div class=\"cmsmasters_row_inner cmsmasters_row_fullwidth\">\n<div class=\"cmsmasters_row_margin\">\n<div id=\"cmsmasters_column_e8odyv44yj\" class=\"cmsmasters_column one_first\">\n<div class=\"cmsmasters_column_inner\"><div id=\"cmsmasters_heading_cogq5uj8z\" class=\"cmsmasters_heading_wrap cmsmasters_heading_align_center\">\n\t<h5 class=\"cmsmasters_heading\">instagram : @selon_manon<\/h5>\n<\/div>\n<div id=\"sb_instagram\"  class=\"sbi sbi_mob_col_1 sbi_tab_col_2 sbi_col_9 sbi_width_resp\" style=\"padding-bottom: 10px;width: 100%;\" data-feedid=\"sbi_#9\"  data-res=\"auto\" data-cols=\"9\" data-colsmobile=\"1\" data-colstablet=\"2\" data-num=\"9\" data-nummobile=\"\" data-item-padding=\"5\" data-shortcode-atts=\"{&quot;id&quot;:&quot;&quot;,&quot;cachetime&quot;:30}\"  data-postid=\"3350\" data-locatornonce=\"1a2c8c97a4\" data-imageaspectratio=\"1:1\" data-sbi-flags=\"favorLocal,gdpr\">\n\t\n    <div id=\"sbi_images\"  style=\"gap: 10px;\">\n\t\t    <\/div>\n\n\t<div id=\"sbi_load\" >\n\n\t\n\t\n<\/div>\n\n\t    <span class=\"sbi_resized_image_data\" data-feed-id=\"sbi_#9\" data-resized=\"[]\">\n\t<\/span>\n\t<\/div>\n<div class=\"cmsmasters_text\">\n<p><\/p>\n<\/div>\n<div class=\"cmsmasters_text\">\n<p style=\"text-align: center;\">Pour m&rsquo;\u00e9crire : <em><a href=\"mailto:contact@selonmanon.com\">contact@selonmanon.com<\/a> <\/em>\u2661<\/p>\n<\/div>\n<div class=\"cmsmasters_text\">\n<p><\/p>\n<\/div>\n<div class=\"cmsmasters_text\">\n<p><\/p>\n<\/div>\n<div class=\"cmsmasters_text\">\n<p style=\"text-align: center;\"><em>Bisous bisous.<\/em><\/p>\n<\/div>\n<\/div><\/div>\n<\/div>\n<\/div>\n<\/div>\n<\/div>\n<\/div>\n\n","protected":false},"excerpt":{"rendered":"","protected":false},"author":1,"featured_media":0,"parent":0,"menu_order":0,"comment_status":"closed","ping_status":"closed","template":"","meta":{"spay_email":""},"yoast_head":"<!-- This site is optimized with the Yoast SEO plugin v18.4.1 - https:\/\/yoast.com\/wordpress\/plugins\/seo\/ -->\n<title>BLABLA - Selon Manon - Blog<\/title>\n<meta name=\"description\" content=\"Dr\u00f4le de nom pour une cat\u00e9gorie ! Dans cet espace, on va discuter ensemble, de tout et de rien.\" \/>\n<meta name=\"robots\" content=\"index, follow, max-snippet:-1, max-image-preview:large, max-video-preview:-1\" \/>\n<link rel=\"canonical\" href=\"https:\/\/selonmanon.com\/une-page-se-tourne\/blabla\/\" \/>\n<meta property=\"og:locale\" content=\"fr_FR\" \/>\n<meta property=\"og:type\" content=\"article\" \/>\n<meta property=\"og:title\" content=\"BLABLA - Selon Manon - Blog\" \/>\n<meta property=\"og:description\" content=\"Dr\u00f4le de nom pour une cat\u00e9gorie ! Dans cet espace, on va discuter ensemble, de tout et de rien.\" \/>\n<meta property=\"og:url\" content=\"https:\/\/selonmanon.com\/une-page-se-tourne\/blabla\/\" \/>\n<meta property=\"og:site_name\" content=\"Selon Manon - Blog\" \/>\n<meta property=\"article:publisher\" content=\"https:\/\/www.facebook.com\/selonmanon\/?modal=admin_todo_tour\" \/>\n<meta property=\"article:modified_time\" content=\"2020-04-04T16:30:55+00:00\" \/>\n<meta name=\"twitter:card\" content=\"summary_large_image\" \/>\n<meta name=\"twitter:label1\" content=\"Dur\u00e9e de lecture estim\u00e9e\" \/>\n\t<meta name=\"twitter:data1\" content=\"3 minutes\" \/>\n<script type=\"application\/ld+json\" class=\"yoast-schema-graph\">{\"@context\":\"https:\/\/schema.org\",\"@graph\":[{\"@type\":\"Organization\",\"@id\":\"https:\/\/selonmanon.com\/une-page-se-tourne\/#organization\",\"name\":\"Selon Manon\",\"url\":\"https:\/\/selonmanon.com\/une-page-se-tourne\/\",\"sameAs\":[\"https:\/\/www.facebook.com\/selonmanon\/?modal=admin_todo_tour\",\"https:\/\/www.instagram.com\/selon_manon\/\",\"https:\/\/www.pinterest.fr\/selonxmanon\/\"],\"logo\":{\"@type\":\"ImageObject\",\"@id\":\"https:\/\/selonmanon.com\/une-page-se-tourne\/#logo\",\"inLanguage\":\"fr-FR\",\"url\":\"https:\/\/i2.wp.com\/selonmanon.com\/wp-content\/uploads\/2020\/03\/Selon-Manon-Logo-1-1-e1585640766898.png?fit=2500%2C1000&ssl=1\",\"contentUrl\":\"https:\/\/i2.wp.com\/selonmanon.com\/wp-content\/uploads\/2020\/03\/Selon-Manon-Logo-1-1-e1585640766898.png?fit=2500%2C1000&ssl=1\",\"width\":2500,\"height\":1000,\"caption\":\"Selon Manon\"},\"image\":{\"@id\":\"https:\/\/selonmanon.com\/une-page-se-tourne\/#logo\"}},{\"@type\":\"WebSite\",\"@id\":\"https:\/\/selonmanon.com\/une-page-se-tourne\/#website\",\"url\":\"https:\/\/selonmanon.com\/une-page-se-tourne\/\",\"name\":\"Selon Manon - Blog\",\"description\":\"Health and Happiness first\",\"publisher\":{\"@id\":\"https:\/\/selonmanon.com\/une-page-se-tourne\/#organization\"},\"potentialAction\":[{\"@type\":\"SearchAction\",\"target\":{\"@type\":\"EntryPoint\",\"urlTemplate\":\"https:\/\/selonmanon.com\/une-page-se-tourne\/?s={search_term_string}\"},\"query-input\":\"required name=search_term_string\"}],\"inLanguage\":\"fr-FR\"},{\"@type\":\"WebPage\",\"@id\":\"https:\/\/selonmanon.com\/une-page-se-tourne\/blabla\/#webpage\",\"url\":\"https:\/\/selonmanon.com\/une-page-se-tourne\/blabla\/\",\"name\":\"BLABLA - Selon Manon - Blog\",\"isPartOf\":{\"@id\":\"https:\/\/selonmanon.com\/une-page-se-tourne\/#website\"},\"datePublished\":\"2020-03-30T12:07:05+00:00\",\"dateModified\":\"2020-04-04T16:30:55+00:00\",\"description\":\"Dr\u00f4le de nom pour une cat\u00e9gorie ! Dans cet espace, on va discuter ensemble, de tout et de rien.\",\"breadcrumb\":{\"@id\":\"https:\/\/selonmanon.com\/une-page-se-tourne\/blabla\/#breadcrumb\"},\"inLanguage\":\"fr-FR\",\"potentialAction\":[{\"@type\":\"ReadAction\",\"target\":[\"https:\/\/selonmanon.com\/une-page-se-tourne\/blabla\/\"]}]},{\"@type\":\"BreadcrumbList\",\"@id\":\"https:\/\/selonmanon.com\/une-page-se-tourne\/blabla\/#breadcrumb\",\"itemListElement\":[{\"@type\":\"ListItem\",\"position\":1,\"name\":\"Accueil\",\"item\":\"https:\/\/selonmanon.com\/une-page-se-tourne\/\"},{\"@type\":\"ListItem\",\"position\":2,\"name\":\"BLABLA\"}]}]}<\/script>\n<!-- \/ Yoast SEO plugin. -->","yoast_head_json":{"title":"BLABLA - Selon Manon - Blog","description":"Dr\u00f4le de nom pour une cat\u00e9gorie ! Dans cet espace, on va discuter ensemble, de tout et de rien.","robots":{"index":"index","follow":"follow","max-snippet":"max-snippet:-1","max-image-preview":"max-image-preview:large","max-video-preview":"max-video-preview:-1"},"canonical":"https:\/\/selonmanon.com\/une-page-se-tourne\/blabla\/","og_locale":"fr_FR","og_type":"article","og_title":"BLABLA - Selon Manon - Blog","og_description":"Dr\u00f4le de nom pour une cat\u00e9gorie ! Dans cet espace, on va discuter ensemble, de tout et de rien.","og_url":"https:\/\/selonmanon.com\/une-page-se-tourne\/blabla\/","og_site_name":"Selon Manon - Blog","article_publisher":"https:\/\/www.facebook.com\/selonmanon\/?modal=admin_todo_tour","article_modified_time":"2020-04-04T16:30:55+00:00","twitter_card":"summary_large_image","twitter_misc":{"Dur\u00e9e de lecture estim\u00e9e":"3 minutes"},"schema":{"@context":"https:\/\/schema.org","@graph":[{"@type":"Organization","@id":"https:\/\/selonmanon.com\/une-page-se-tourne\/#organization","name":"Selon Manon","url":"https:\/\/selonmanon.com\/une-page-se-tourne\/","sameAs":["https:\/\/www.facebook.com\/selonmanon\/?modal=admin_todo_tour","https:\/\/www.instagram.com\/selon_manon\/","https:\/\/www.pinterest.fr\/selonxmanon\/"],"logo":{"@type":"ImageObject","@id":"https:\/\/selonmanon.com\/une-page-se-tourne\/#logo","inLanguage":"fr-FR","url":"https:\/\/i2.wp.com\/selonmanon.com\/wp-content\/uploads\/2020\/03\/Selon-Manon-Logo-1-1-e1585640766898.png?fit=2500%2C1000&ssl=1","contentUrl":"https:\/\/i2.wp.com\/selonmanon.com\/wp-content\/uploads\/2020\/03\/Selon-Manon-Logo-1-1-e1585640766898.png?fit=2500%2C1000&ssl=1","width":2500,"height":1000,"caption":"Selon Manon"},"image":{"@id":"https:\/\/selonmanon.com\/une-page-se-tourne\/#logo"}},{"@type":"WebSite","@id":"https:\/\/selonmanon.com\/une-page-se-tourne\/#website","url":"https:\/\/selonmanon.com\/une-page-se-tourne\/","name":"Selon Manon - Blog","description":"Health and Happiness first","publisher":{"@id":"https:\/\/selonmanon.com\/une-page-se-tourne\/#organization"},"potentialAction":[{"@type":"SearchAction","target":{"@type":"EntryPoint","urlTemplate":"https:\/\/selonmanon.com\/une-page-se-tourne\/?s={search_term_string}"},"query-input":"required name=search_term_string"}],"inLanguage":"fr-FR"},{"@type":"WebPage","@id":"https:\/\/selonmanon.com\/une-page-se-tourne\/blabla\/#webpage","url":"https:\/\/selonmanon.com\/une-page-se-tourne\/blabla\/","name":"BLABLA - Selon Manon - Blog","isPartOf":{"@id":"https:\/\/selonmanon.com\/une-page-se-tourne\/#website"},"datePublished":"2020-03-30T12:07:05+00:00","dateModified":"2020-04-04T16:30:55+00:00","description":"Dr\u00f4le de nom pour une cat\u00e9gorie ! Dans cet espace, on va discuter ensemble, de tout et de rien.","breadcrumb":{"@id":"https:\/\/selonmanon.com\/une-page-se-tourne\/blabla\/#breadcrumb"},"inLanguage":"fr-FR","potentialAction":[{"@type":"ReadAction","target":["https:\/\/selonmanon.com\/une-page-se-tourne\/blabla\/"]}]},{"@type":"BreadcrumbList","@id":"https:\/\/selonmanon.com\/une-page-se-tourne\/blabla\/#breadcrumb","itemListElement":[{"@type":"ListItem","position":1,"name":"Accueil","item":"https:\/\/selonmanon.com\/une-page-se-tourne\/"},{"@type":"ListItem","position":2,"name":"BLABLA"}]}]}},"_links":{"self":[{"href":"https:\/\/selonmanon.com\/une-page-se-tourne\/wp-json\/wp\/v2\/pages\/1946"}],"collection":[{"href":"https:\/\/selonmanon.com\/une-page-se-tourne\/wp-json\/wp\/v2\/pages"}],"about":[{"href":"https:\/\/selonmanon.com\/une-page-se-tourne\/wp-json\/wp\/v2\/types\/page"}],"author":[{"embeddable":true,"href":"https:\/\/selonmanon.com\/une-page-se-tourne\/wp-json\/wp\/v2\/users\/1"}],"replies":[{"embeddable":true,"href":"https:\/\/selonmanon.com\/une-page-se-tourne\/wp-json\/wp\/v2\/comments?post=1946"}],"version-history":[{"count":19,"href":"https:\/\/selonmanon.com\/une-page-se-tourne\/wp-json\/wp\/v2\/pages\/1946\/revisions"}],"predecessor-version":[{"id":2345,"href":"https:\/\/selonmanon.com\/une-page-se-tourne\/wp-json\/wp\/v2\/pages\/1946\/revisions\/2345"}],"wp:attachment":[{"href":"https:\/\/selonmanon.com\/une-page-se-tourne\/wp-json\/wp\/v2\/media?parent=1946"}],"curies":[{"name":"wp","href":"https:\/\/api.w.org\/{rel}","templated":true}]}}